{"id":192,"date":"2022-11-28T19:17:03","date_gmt":"2022-11-28T19:17:03","guid":{"rendered":"https:\/\/tipografialascialfari.com\/?page_id=192"},"modified":"2023-09-12T17:11:06","modified_gmt":"2023-09-12T17:11:06","slug":"come-stampiamo","status":"publish","type":"page","link":"https:\/\/tipografialascialfari.com\/?page_id=192","title":{"rendered":"COME STAMPIAMO"},"content":{"rendered":"\n<p>COME STAMPIAMO<\/p>\n\n\n\n<p>Siamo in grado di stampare materiale di piccolo e grande formato con diverse tecniche di stampa.<\/p>\n\n\n\n<p>STAMPA TIPOGRAFICA<\/p>\n\n\n\n<p>La stampa tipografica \u00e8 il processo di stampa pi\u00f9 antico. E&#8217; un tipo di stampa diretta che si esegue utilizzando matrici in rilievo fatte con composizioni di caratteri mobili o clich\u00e8s. Il risultato finale si contraddistingue per una tonalit\u00e0 di colore d&#8217;inchiostro molto forte, un maggiore quantit\u00e0 d&#8217;inchiostro sui bordi delle lettere e dei tratti.<\/p>\n\n\n\n<p>Sulla parte posteriore della carta \u00e8 visibile la caratteristica impressione delle lettere dovuta alla pressione sulla carta della matrice in rilievo.<\/p>\n\n\n\n<p>STAMPA DIGITALE<\/p>\n\n\n\n<p>La stampa digitale \u00e8 una stampa diretta e avviene trasferendo direttamente l&#8217;inchiostro dalla lastra al supporto senza bisogno di avviamento colore o di pellicole. La stampa digitale, negli anni, \u00e8 diventata necessaria per soddisfare i clienti che hanno bisogno di piccole tirature. Questo tipo di stampa permette di avere tempi brevissimi, a volte anche di poche ore, pur mantenendo una qualit\u00e0 sempre molto alta.<\/p>\n\n\n\n<p>STAMPA OFFSET<\/p>\n\n\n\n<p>La stampa offset \u00e8 una stampa indiretta in quanto la lastra litografica trasferisce l&#8217;inchiostro sul rotolo di caucci\u00f9 che lo distribuisce poi sulla carta. Consigliata per tirature medio\/alte.<\/p>\n\n\n\n<p>STAMPA SERIGRAFICA<\/p>\n\n\n\n<p>La tecnica di stampa serigrafica \u00e8 forse una delle pi\u00f9 diffuse perch\u00e9 si adatta molto bene ai diversi supporti e formati. La matrice \u00e8 un telaio in tessuto sul quale viene depositato l&#8217;inchiostro che sar\u00e0 poi trasferito sul supporto da stampare. \u00c8 una tecnica che racchiude tecnologia e artigianalit\u00e0 unit\u00e0 a creativit\u00e0 e innovazione.<\/p>\n","protected":false},"excerpt":{"rendered":"<p>COME STAMPIAMO Siamo in grado di stampare materiale di piccolo e grande formato con diverse tecniche di stampa. STAMPA TIPOGRAFICA La stampa tipografica \u00e8 il processo di stampa pi\u00f9 antico. E&#8217; un tipo di stampa diretta che si esegue utilizzando matrici in rilievo fatte con composizioni di caratteri mobili o clich\u00e8s. Il risultato finale si [&hellip;]<\/p>\n","protected":false},"author":1,"featured_media":0,"parent":0,"menu_order":0,"comment_status":"closed","ping_status":"closed","template":"","meta":{"om_disable_all_campaigns":false,"_monsterinsights_skip_tracking":false,"_monsterinsights_sitenote_active":false,"_monsterinsights_sitenote_note":"","_monsterinsights_sitenote_category":0,"footnotes":""},"class_list":["post-192","page","type-page","status-publish","hentry"],"aioseo_notices":[],"_links":{"self":[{"href":"https:\/\/tipografialascialfari.com\/index.php?rest_route=\/wp\/v2\/pages\/192","targetHints":{"allow":["GET"]}}],"collection":[{"href":"https:\/\/tipografialascialfari.com\/index.php?rest_route=\/wp\/v2\/pages"}],"about":[{"href":"https:\/\/tipografialascialfari.com\/index.php?rest_route=\/wp\/v2\/types\/page"}],"author":[{"embeddable":true,"href":"https:\/\/tipografialascialfari.com\/index.php?rest_route=\/wp\/v2\/users\/1"}],"replies":[{"embeddable":true,"href":"https:\/\/tipografialascialfari.com\/index.php?rest_route=%2Fwp%2Fv2%2Fcomments&post=192"}],"version-history":[{"count":2,"href":"https:\/\/tipografialascialfari.com\/index.php?rest_route=\/wp\/v2\/pages\/192\/revisions"}],"predecessor-version":[{"id":330,"href":"https:\/\/tipografialascialfari.com\/index.php?rest_route=\/wp\/v2\/pages\/192\/revisions\/330"}],"wp:attachment":[{"href":"https:\/\/tipografialascialfari.com\/index.php?rest_route=%2Fwp%2Fv2%2Fmedia&parent=192"}],"curies":[{"name":"wp","href":"https:\/\/api.w.org\/{rel}","templated":true}]}}